{"id":420,"date":"2022-10-15T11:40:54","date_gmt":"2022-10-15T14:40:54","guid":{"rendered":"http:\/\/seminarioteologico.org.br\/site\/?page_id=420"},"modified":"2022-10-15T11:42:20","modified_gmt":"2022-10-15T14:42:20","slug":"visao","status":"publish","type":"page","link":"http:\/\/seminarioteologico.org.br\/site\/index.php\/visao\/","title":{"rendered":"Vis\u00e3o"},"content":{"rendered":"\n<p>Sermos centro de excel\u00eancia no aperfei\u00e7oamento dos vocacionados com fidelidade aos princ\u00edpios b\u00edblicos.<\/p>\n","protected":false},"excerpt":{"rendered":"<p>Sermos centro de excel\u00eancia no aperfei\u00e7oamento dos vocacionados com fidelidade aos princ\u00edpios b\u00edblicos.<\/p>\n","protected":false},"author":3,"featured_media":0,"parent":0,"menu_order":0,"comment_status":"closed","ping_status":"closed","template":"","meta":{"footnotes":""},"class_list":["post-420","page","type-page","status-publish"],"_links":{"self":[{"href":"http:\/\/seminarioteologico.org.br\/site\/index.php\/wp-json\/wp\/v2\/pages\/420","targetHints":{"allow":["GET"]}}],"collection":[{"href":"http:\/\/seminarioteologico.org.br\/site\/index.php\/wp-json\/wp\/v2\/pages"}],"about":[{"href":"http:\/\/seminarioteologico.org.br\/site\/index.php\/wp-json\/wp\/v2\/types\/page"}],"author":[{"embeddable":true,"href":"http:\/\/seminarioteologico.org.br\/site\/index.php\/wp-json\/wp\/v2\/users\/3"}],"replies":[{"embeddable":true,"href":"http:\/\/seminarioteologico.org.br\/site\/index.php\/wp-json\/wp\/v2\/comments?post=420"}],"version-history":[{"count":2,"href":"http:\/\/seminarioteologico.org.br\/site\/index.php\/wp-json\/wp\/v2\/pages\/420\/revisions"}],"predecessor-version":[{"id":423,"href":"http:\/\/seminarioteologico.org.br\/site\/index.php\/wp-json\/wp\/v2\/pages\/420\/revisions\/423"}],"wp:attachment":[{"href":"http:\/\/seminarioteologico.org.br\/site\/index.php\/wp-json\/wp\/v2\/media?parent=420"}],"curies":[{"name":"wp","href":"https:\/\/api.w.org\/{rel}","templated":true}]}}