{"id":341,"date":"2022-09-29T14:00:38","date_gmt":"2022-09-29T17:00:38","guid":{"rendered":"http:\/\/seminarioteologico.org.br\/site\/?page_id=341"},"modified":"2022-10-06T15:37:59","modified_gmt":"2022-10-06T18:37:59","slug":"quem-somos","status":"publish","type":"page","link":"http:\/\/seminarioteologico.org.br\/site\/index.php\/quem-somos\/","title":{"rendered":"Quem Somos"},"content":{"rendered":"\n<p>Criado em 29 de junho de 1985 idealizado pelos pastores Gessy Frutuoso, Edmar Pereira da Silva e Heitor Ant\u00f4nio da Silva para atender \u00e0s igrejas evang\u00e9licas do Noroeste Fluminense na forma\u00e7\u00e3o de pastores, educadores e l\u00edderes para o trabalho eclesi\u00e1stico, o Semin\u00e1rio nasceu como o nome de Faculdade Teol\u00f3gica Batista de Itaperuna (FATEBI), passou a se chamar Semin\u00e1rio Teol\u00f3gico Batista de Itaperuna (SETEBI) e finalmente, por sua abrang\u00eancia, se tornou o Semin\u00e1rio Teol\u00f3gico Batista do Noroeste Fluminense (STBNF) e tem se despontado no Ensino Teol\u00f3gico pelo compromisso com uma boa forma\u00e7\u00e3o. Fazendo parte assim, da Associa\u00e7\u00e3o Batista Itaperunense de Educa\u00e7\u00e3o Teol\u00f3gica (ABIET) que est\u00e1 inserida na Associa\u00e7\u00e3o Batista do Extremo Norte Fluminense (ABENF)No in\u00edcio, sob a dire\u00e7\u00e3o do Pr. Heitor Ant\u00f4nio da Silva, o STBNF teve como sede a Segunda Igreja Batista de Itaperuna na Rua Jaime Porto, 292 Bairro Niter\u00f3i e ali funcionou at\u00e9 o ano de 1990. Naquele ano assumiu a dire\u00e7\u00e3o o Pr Paulo Zarro de Freitas e a sede foi transferida para a Primeira Igreja Batista de Itaperuna \u00e0 Avenida Cardoso Moreira, 691, no Centro da cidade. Ali contou com condi\u00e7\u00f5es mais adequadas para aquela realidade, visto que, j\u00e1 contava com quatro turmas no Curso de Teologia.O STBNF posteriormente transferiu-se para a sua sede pr\u00f3pria \u00e0 Rua Thom\u00e1z Teixeira dos Santos, 148 \u2013 Bairro Cidade Nova, em Itaperuna, onde se encontra at\u00e9 os dias de hoje com uma das melhores infraestruturas de Ensino Teol\u00f3gico do Estado do Rio de Janeiro.Hoje o STBNF tem em seus quadros professores capacitados, uma rica biblioteca para atender aos alunos, um completo laborat\u00f3rio de inform\u00e1tica para auxiliar ainda mais a capacita\u00e7\u00e3o dos que ali ingressam e procurando a cada dia se aperfei\u00e7oar para oferecer aos seus acad\u00eamicos e aos professores uma melhor estrutura de maneira a alcan\u00e7ar a excel\u00eancia no Ensino Teol\u00f3gico. Para contatos com o STBNF: Tel (22)99798-7930) ou pelo email: secretariastbnf@gmail.com<\/p>\n","protected":false},"excerpt":{"rendered":"<p>Criado em 29 de junho de 1985 idealizado pelos pastores Gessy Frutuoso, Edmar Pereira da Silva e Heitor Ant\u00f4nio da Silva para atender \u00e0s igrejas evang\u00e9licas do Noroeste Fluminense na forma\u00e7\u00e3o de pastores, educadores e l\u00edderes para o trabalho eclesi\u00e1stico, o Semin\u00e1rio nasceu como o nome de Faculdade Teol\u00f3gica Batista de Itaperuna (FATEBI), passou a [&hellip;]<\/p>\n","protected":false},"author":3,"featured_media":0,"parent":0,"menu_order":0,"comment_status":"closed","ping_status":"closed","template":"","meta":{"footnotes":""},"class_list":["post-341","page","type-page","status-publish"],"_links":{"self":[{"href":"http:\/\/seminarioteologico.org.br\/site\/index.php\/wp-json\/wp\/v2\/pages\/341","targetHints":{"allow":["GET"]}}],"collection":[{"href":"http:\/\/seminarioteologico.org.br\/site\/index.php\/wp-json\/wp\/v2\/pages"}],"about":[{"href":"http:\/\/seminarioteologico.org.br\/site\/index.php\/wp-json\/wp\/v2\/types\/page"}],"author":[{"embeddable":true,"href":"http:\/\/seminarioteologico.org.br\/site\/index.php\/wp-json\/wp\/v2\/users\/3"}],"replies":[{"embeddable":true,"href":"http:\/\/seminarioteologico.org.br\/site\/index.php\/wp-json\/wp\/v2\/comments?post=341"}],"version-history":[{"count":1,"href":"http:\/\/seminarioteologico.org.br\/site\/index.php\/wp-json\/wp\/v2\/pages\/341\/revisions"}],"predecessor-version":[{"id":342,"href":"http:\/\/seminarioteologico.org.br\/site\/index.php\/wp-json\/wp\/v2\/pages\/341\/revisions\/342"}],"wp:attachment":[{"href":"http:\/\/seminarioteologico.org.br\/site\/index.php\/wp-json\/wp\/v2\/media?parent=341"}],"curies":[{"name":"wp","href":"https:\/\/api.w.org\/{rel}","templated":true}]}}